{"id":1173,"date":"2021-04-06T01:38:53","date_gmt":"2021-04-06T01:38:53","guid":{"rendered":"https:\/\/link2b.com.br\/link2senderx\/?page_id=1173"},"modified":"2021-07-10T01:35:11","modified_gmt":"2021-07-10T01:35:11","slug":"politica-de-privacidade","status":"publish","type":"page","link":"https:\/\/link2b.com.br\/link2senderx\/politica-de-privacidade\/","title":{"rendered":"Pol\u00edtica de Privacidade"},"content":{"rendered":"\n<p>A sua privacidade \u00e9 importante para n\u00f3s. \u00c9 pol\u00edtica da Link2b respeitar a sua privacidade em rela\u00e7\u00e3o \u00e0 qualquer informa\u00e7\u00e3o sua que possamos coletar no site Link2b, e outros sites que possu\u00edmos e operamos.<\/p>\n\n\n\n<p>Solicitamos informa\u00e7\u00f5es pessoais apenas quando realmente precisamos delas para lhe fornecer um servi\u00e7o. Fazemos por meios justos e legais, com o seu conhecimento e consentimento. Tamb\u00e9m informamos por que estamos coletando e como ser\u00e1 usado.<\/p>\n\n\n\n<p>Apenas retemos as informa\u00e7\u00f5es coletadas pelo tempo necess\u00e1rio para fornecer o servi\u00e7o solicitado. Quando armazenamos dados, protegemos dentro de meios comercialmente aceit\u00e1veis \u200b\u200bpara evitar perdas e roubos, bem como acesso, divulga\u00e7\u00e3o, c\u00f3pia, uso ou modifica\u00e7\u00e3o n\u00e3o autorizados.<\/p>\n\n\n\n<p>Buscamos avaliar cuidadosamente nossos Fornecedores e firmar com elas obriga\u00e7\u00f5es contratuais de seguran\u00e7a da informa\u00e7\u00e3o e prote\u00e7\u00e3o de Dados Pessoais, com o objetivo de minimizar riscos para voc\u00ea, Titular de Dados.<\/p>\n\n\n\n<p>N\u00f3s trabalhamos para proteger a sua privacidade e seus Dados Pessoais, mas infelizmente seguran\u00e7a total \u00e9 algo que n\u00e3o depende apenas das nossas a\u00e7\u00f5es e processos. Entrada ou uso n\u00e3o autorizado de terceiros em sua conta, falha de hardware ou software que n\u00e3o esteja sob controle da Link2b e outros fatores podem comprometer a seguran\u00e7a dos seus Dados Pessoais. Por isso, sua atua\u00e7\u00e3o \u00e9 fundamental para a manuten\u00e7\u00e3o de um ambiente seguro para todos.<\/p>\n\n\n\n<p>Voc\u00ea pode nos ajudar adotando boas pr\u00e1ticas de seguran\u00e7a em rela\u00e7\u00e3o a sua conta e aos seus dados (como, por exemplo, n\u00e3o compartilhar sua senha com terceiros), e caso voc\u00ea identifique ou tome conhecimento de algo que comprometa a seguran\u00e7a dos seus dados, por favor entre em contato conosco atrav\u00e9s do nosso SAC &#8211; contato@link2b.com.br.<\/p>\n\n\n\n<p><strong>Informa\u00e7\u00f5es coletadas e seguran\u00e7a<\/strong><br>Quando voc\u00ea faz um pedido, solicita\u00e7\u00e3o de or\u00e7amento, contato, cadastro e\/ou participa de promo\u00e7\u00f5es e pesquisas da Link2b, coletaremos dados como nome, e-mail, telefone, CPF, endere\u00e7o residencial e n\u00fameros do seu cart\u00e3o de cr\u00e9dito.<\/p>\n\n\n\n<p>Sempre utilizaremos essas informa\u00e7\u00f5es para processar e completar seu pedido. Dados como nome, e-mail e telefone poder\u00e3o ser armazenados mesmo ap\u00f3s o contato conclu\u00eddo para que possamos te enviar mensagens referentes ao seu pedido.<\/p>\n\n\n\n<p>Todos os dados aqui cadastrados s\u00e3o armazenados em absoluto sigilo e seguran\u00e7a e nunca compartilhamos suas informa\u00e7\u00f5es de identifica\u00e7\u00e3o pessoal publicamente ou com terceiros que n\u00e3o sejam devidamente autorizados, exceto quando necess\u00e1rio quando exigido por lei.<\/p>\n\n\n\n<p>Voc\u00ea nunca ser\u00e1 obrigado a conceder informa\u00e7\u00f5es ao nosso site, no entanto, ao optar pela n\u00e3o concess\u00e3o, sua navega\u00e7\u00e3o e experi\u00eancia poder\u00e1 ser limitada e voc\u00ea n\u00e3o poder\u00e1 efetivar solicita\u00e7\u00f5es de contato e\/ou or\u00e7amento.<\/p>\n\n\n\n<p>Voc\u00ea tem direito! Exer\u00e7a os seus direitos atrav\u00e9s dos nossos canais de atendimento. A qualquer momento, voc\u00ea poder\u00e1 solicitar, dentre outras coisas, a corre\u00e7\u00e3o, anonimiza\u00e7\u00e3o, bloqueio, exclus\u00e3o e portabilidade dos seus dados. Na d\u00favida, nos procure.<\/p>\n\n\n\n<p><strong>Cookies<\/strong><\/p>\n\n\n\n<p><strong>Como usamos os cookies?<\/strong><br>Utilizamos cookies por v\u00e1rios motivos, detalhados abaixo. Infelizmente, na maioria dos casos, n\u00e3o existem op\u00e7\u00f5es padr\u00e3o do setor para desativar os cookies sem desativar completamente a funcionalidade e os recursos que eles adicionam a este site. \u00c9 recomend\u00e1vel que voc\u00ea deixe todos os cookies se n\u00e3o tiver certeza se precisa ou n\u00e3o deles, caso sejam usados \u200b\u200bpara fornecer um servi\u00e7o que voc\u00ea usa.<\/p>\n\n\n\n<p><strong>Cookies que definimos<\/strong><\/p>\n\n\n\n<p><strong>Cookies relacionados \u00e0 conta<\/strong><br>Se voc\u00ea criar uma conta conosco, usaremos cookies para o gerenciamento do processo de inscri\u00e7\u00e3o e administra\u00e7\u00e3o geral. Esses cookies geralmente ser\u00e3o exclu\u00eddos quando voc\u00ea sair do sistema, por\u00e9m, em alguns casos, eles poder\u00e3o permanecer posteriormente para lembrar as prefer\u00eancias do seu site ao sair.<\/p>\n\n\n\n<p><strong>Cookies relacionados ao login<\/strong><br>Utilizamos cookies quando voc\u00ea est\u00e1 logado, para que possamos lembrar dessa a\u00e7\u00e3o. Isso evita que voc\u00ea precise fazer login sempre que visitar uma nova p\u00e1gina. Esses cookies s\u00e3o normalmente removidos ou limpos quando voc\u00ea efetua logout para garantir que voc\u00ea possa acessar apenas a recursos e \u00e1reas restritas ao efetuar login.<\/p>\n\n\n\n<p><strong>Cookies relacionados newsletters<\/strong><br>Este site oferece servi\u00e7os de assinatura de newsletters informativas e os cookies podem ser usados \u200b\u200bpara lembrar se voc\u00ea j\u00e1 est\u00e1 registrado e se deve mostrar determinadas notifica\u00e7\u00f5es v\u00e1lidas apenas para usu\u00e1rios inscritos \/ n\u00e3o inscritos.<\/p>\n\n\n\n<p><strong>Cookies relacionados a pesquisas<\/strong><br>Periodicamente, oferecemos pesquisas e question\u00e1rios para fornecer informa\u00e7\u00f5es interessantes, ferramentas \u00fateis ou para entender nossa base de usu\u00e1rios com mais precis\u00e3o. Essas pesquisas podem usar cookies para lembrar quem j\u00e1 participou numa pesquisa ou para fornecer resultados precisos ap\u00f3s a altera\u00e7\u00e3o das p\u00e1ginas.<\/p>\n\n\n\n<p><strong>Cookies relacionados \u00e0 formul\u00e1rios<\/strong><br>Quando voc\u00ea envia dados por meio de um formul\u00e1rio ou nos coment\u00e1rios e avalia\u00e7\u00f5es de um produto, os cookies podem ser configurados para lembrar os detalhes do usu\u00e1rio para correspond\u00eancia futura.<\/p>\n\n\n\n<p><strong>Cookies de prefer\u00eancias do site<\/strong><br>Para proporcionar uma \u00f3tima experi\u00eancia neste site, fornecemos a funcionalidade para definir suas prefer\u00eancias de como esse site \u00e9 executado quando voc\u00ea o usa. Para lembrar suas prefer\u00eancias, precisamos definir cookies para que essas informa\u00e7\u00f5es possam ser chamadas sempre que voc\u00ea interagir com uma p\u00e1gina for afetada por suas prefer\u00eancias.<\/p>\n\n\n\n<p><strong>Desativar cookies<\/strong><br>Voc\u00ea pode impedir a configura\u00e7\u00e3o de cookies ajustando as configura\u00e7\u00f5es do seu navegador (consulte a Ajuda do navegador para saber como fazer isso). Esteja ciente de que a desativa\u00e7\u00e3o de cookies afetar\u00e1 a funcionalidade deste e de muitos outros sites que voc\u00ea visita. A desativa\u00e7\u00e3o de cookies geralmente resultar\u00e1 na desativa\u00e7\u00e3o de determinadas funcionalidades e recursos deste site. Portanto, \u00e9 recomend\u00e1vel que voc\u00ea n\u00e3o desative os cookies.<\/p>\n\n\n\n<p><strong>Estat\u00edsticas<\/strong><br>Este site utiliza as ferramentas Google Analytics para nos ajudar a entender como voc\u00ea usa o site e como podemos melhorar sua experi\u00eancia. Esses cookies podem rastrear itens como quanto tempo voc\u00ea gasta no site e as p\u00e1ginas visitadas, para que possamos continuar produzindo conte\u00fado atraente.<\/p>\n\n\n\n<p>Periodicamente, testamos novos recursos e fazemos altera\u00e7\u00f5es sutis na maneira como o site se apresenta. Quando ainda estamos testando novos recursos, esses cookies podem ser usados \u200b\u200bpara garantir que voc\u00ea receba uma experi\u00eancia consistente enquanto estiver no site, enquanto entendemos quais otimiza\u00e7\u00f5es os nossos usu\u00e1rios mais apreciam.<\/p>\n\n\n\n<p><strong>Modifica\u00e7\u00f5es nas Pol\u00edticas<\/strong><br>Os conte\u00fados aqui presentes poder\u00e3o ser modificados e atualizados a qualquer momento a crit\u00e9rio da Link2b para melhor atender seus clientes. Cabe ao usu\u00e1rio consultar esta Pol\u00edtica de Privacidade para verificar poss\u00edveis altera\u00e7\u00f5es a cada novo acesso.<\/p>\n\n\n\n<p><strong>Disposi\u00e7\u00f5es gerais<\/strong><br>O uso continuado de nosso site ser\u00e1 considerado como aceita\u00e7\u00e3o de nossas pr\u00e1ticas em torno de privacidade e informa\u00e7\u00f5es pessoais.<\/p>\n\n\n\n<p>Caso tenha qualquer d\u00favida em rela\u00e7\u00e3o aos termos expostos ou sobre como lidamos com dados do usu\u00e1rio e informa\u00e7\u00f5es pessoais, entre em contato com o nosso SAC no e-mail contato@link2b.com.br.<\/p>\n","protected":false},"excerpt":{"rendered":"<p>A sua privacidade \u00e9 importante para n\u00f3s. \u00c9 pol\u00edtica da Link2b respeitar a sua privacidade em rela\u00e7\u00e3o \u00e0 qualquer informa\u00e7\u00e3o sua que possamos coletar no site Link2b, e outros sites que possu\u00edmos e operamos. Solicitamos informa\u00e7\u00f5es pessoais apenas quando realmente precisamos delas para lhe fornecer um servi\u00e7o. Fazemos por meios justos e legais, com o &hellip;<\/p>\n<p class=\"read-more\"> <a class=\"\" href=\"https:\/\/link2b.com.br\/link2senderx\/politica-de-privacidade\/\"> <span class=\"screen-reader-text\">Pol\u00edtica de Privacidade<\/span> Leia mais &raquo;<\/a><\/p>\n","protected":false},"author":1,"featured_media":0,"parent":0,"menu_order":0,"comment_status":"closed","ping_status":"closed","template":"","meta":{"site-sidebar-layout":"no-sidebar","site-content-layout":"default","ast-global-header-display":"","ast-main-header-display":"","ast-hfb-above-header-display":"","ast-hfb-below-header-display":"","ast-hfb-mobile-header-display":"","site-post-title":"","ast-breadcrumbs-content":"","ast-featured-img":"","footer-sml-layout":"","theme-transparent-header-meta":"default","adv-header-id-meta":"","stick-header-meta":"default","header-above-stick-meta":"","header-main-stick-meta":"","header-below-stick-meta":"","_joinchat":[],"footnotes":""},"class_list":["post-1173","page","type-page","status-publish","hentry"],"yoast_head":"<!-- This site is optimized with the Yoast SEO plugin v27.2 - https:\/\/yoast.com\/product\/yoast-seo-wordpress\/ -->\n<title>Link2senderX - Solu\u00e7\u00f5es e Tecnologia em Marketing Digital<\/title>\n<meta name=\"description\" content=\"A Link2b \u00e9 uma empresa de Tecnologia com foco em Marketing Digital, sendo referencia em: Setup de plataformas CRM, Plataformas de Bot e Sender de WhatsApp, Sites, T\u00e9cnicas de SEO, Persona, Campanhas de Marketing em Redes Sociais, WhatsApp e Email.\" \/>\n<meta name=\"robots\" content=\"noindex, follow\" \/>\n<meta property=\"og:locale\" content=\"pt_BR\" \/>\n<meta property=\"og:type\" content=\"article\" \/>\n<meta property=\"og:title\" content=\"Link2senderX - Solu\u00e7\u00f5es e Tecnologia em Marketing Digital\" \/>\n<meta property=\"og:description\" content=\"A Link2b \u00e9 uma empresa de Tecnologia com foco em Marketing Digital, sendo referencia em: Setup de plataformas CRM, Plataformas de Bot e Sender de WhatsApp, Sites, T\u00e9cnicas de SEO, Persona, Campanhas de Marketing em Redes Sociais, WhatsApp e Email.\" \/>\n<meta property=\"og:url\" content=\"https:\/\/link2b.com.br\/link2senderx\/politica-de-privacidade\/\" \/>\n<meta property=\"og:site_name\" content=\"Link2senderX\" \/>\n<meta property=\"article:publisher\" content=\"https:\/\/www.facebook.com\/link2b\" \/>\n<meta property=\"article:modified_time\" content=\"2021-07-10T01:35:11+00:00\" \/>\n<meta property=\"og:image\" content=\"https:\/\/link2b.com.br\/link2senderx\/wp-content\/uploads\/2021\/07\/1.png\" \/>\n\t<meta property=\"og:image:width\" content=\"963\" \/>\n\t<meta property=\"og:image:height\" content=\"567\" \/>\n\t<meta property=\"og:image:type\" content=\"image\/png\" \/>\n<meta name=\"twitter:card\" content=\"summary_large_image\" \/>\n<meta name=\"twitter:label1\" content=\"Est. tempo de leitura\" \/>\n\t<meta name=\"twitter:data1\" content=\"5 minutos\" \/>\n<script type=\"application\/ld+json\" class=\"yoast-schema-graph\">{\"@context\":\"https:\/\/schema.org\",\"@graph\":[{\"@type\":\"WebPage\",\"@id\":\"https:\/\/link2b.com.br\/link2senderx\/politica-de-privacidade\/\",\"url\":\"https:\/\/link2b.com.br\/link2senderx\/politica-de-privacidade\/\",\"name\":\"Link2senderX - Solu\u00e7\u00f5es e Tecnologia em Marketing Digital\",\"isPartOf\":{\"@id\":\"https:\/\/link2b.com.br\/link2senderx\/#website\"},\"datePublished\":\"2021-04-06T01:38:53+00:00\",\"dateModified\":\"2021-07-10T01:35:11+00:00\",\"description\":\"A Link2b \u00e9 uma empresa de Tecnologia com foco em Marketing Digital, sendo referencia em: Setup de plataformas CRM, Plataformas de Bot e Sender de WhatsApp, Sites, T\u00e9cnicas de SEO, Persona, Campanhas de Marketing em Redes Sociais, WhatsApp e Email.\",\"breadcrumb\":{\"@id\":\"https:\/\/link2b.com.br\/link2senderx\/politica-de-privacidade\/#breadcrumb\"},\"inLanguage\":\"pt-BR\",\"potentialAction\":[{\"@type\":\"ReadAction\",\"target\":[\"https:\/\/link2b.com.br\/link2senderx\/politica-de-privacidade\/\"]}]},{\"@type\":\"BreadcrumbList\",\"@id\":\"https:\/\/link2b.com.br\/link2senderx\/politica-de-privacidade\/#breadcrumb\",\"itemListElement\":[{\"@type\":\"ListItem\",\"position\":1,\"name\":\"In\u00edcio\",\"item\":\"https:\/\/link2b.com.br\/link2senderx\/\"},{\"@type\":\"ListItem\",\"position\":2,\"name\":\"Pol\u00edtica de Privacidade\"}]},{\"@type\":\"WebSite\",\"@id\":\"https:\/\/link2b.com.br\/link2senderx\/#website\",\"url\":\"https:\/\/link2b.com.br\/link2senderx\/\",\"name\":\"Link2senderX\",\"description\":\"Link2b - Solu\u00e7\u00f5es e Tecnologias em Marketing Digital\",\"publisher\":{\"@id\":\"https:\/\/link2b.com.br\/link2senderx\/#organization\"},\"potentialAction\":[{\"@type\":\"SearchAction\",\"target\":{\"@type\":\"EntryPoint\",\"urlTemplate\":\"https:\/\/link2b.com.br\/link2senderx\/?s={search_term_string}\"},\"query-input\":{\"@type\":\"PropertyValueSpecification\",\"valueRequired\":true,\"valueName\":\"search_term_string\"}}],\"inLanguage\":\"pt-BR\"},{\"@type\":\"Organization\",\"@id\":\"https:\/\/link2b.com.br\/link2senderx\/#organization\",\"name\":\"Link2senderX\",\"url\":\"https:\/\/link2b.com.br\/link2senderx\/\",\"logo\":{\"@type\":\"ImageObject\",\"inLanguage\":\"pt-BR\",\"@id\":\"https:\/\/link2b.com.br\/link2senderx\/#\/schema\/logo\/image\/\",\"url\":\"https:\/\/link2b.com.br\/link2senderx\/wp-content\/uploads\/2021\/07\/1.png\",\"contentUrl\":\"https:\/\/link2b.com.br\/link2senderx\/wp-content\/uploads\/2021\/07\/1.png\",\"width\":963,\"height\":567,\"caption\":\"Link2senderX\"},\"image\":{\"@id\":\"https:\/\/link2b.com.br\/link2senderx\/#\/schema\/logo\/image\/\"},\"sameAs\":[\"https:\/\/www.facebook.com\/link2b\",\"https:\/\/www.instagram.com\/link2boficial\/\",\"https:\/\/www.linkedin.com\/company\/link2b2c\/\"]}]}<\/script>\n<!-- \/ Yoast SEO plugin. -->","yoast_head_json":{"title":"Link2senderX - Solu\u00e7\u00f5es e Tecnologia em Marketing Digital","description":"A Link2b \u00e9 uma empresa de Tecnologia com foco em Marketing Digital, sendo referencia em: Setup de plataformas CRM, Plataformas de Bot e Sender de WhatsApp, Sites, T\u00e9cnicas de SEO, Persona, Campanhas de Marketing em Redes Sociais, WhatsApp e Email.","robots":{"index":"noindex","follow":"follow"},"og_locale":"pt_BR","og_type":"article","og_title":"Link2senderX - Solu\u00e7\u00f5es e Tecnologia em Marketing Digital","og_description":"A Link2b \u00e9 uma empresa de Tecnologia com foco em Marketing Digital, sendo referencia em: Setup de plataformas CRM, Plataformas de Bot e Sender de WhatsApp, Sites, T\u00e9cnicas de SEO, Persona, Campanhas de Marketing em Redes Sociais, WhatsApp e Email.","og_url":"https:\/\/link2b.com.br\/link2senderx\/politica-de-privacidade\/","og_site_name":"Link2senderX","article_publisher":"https:\/\/www.facebook.com\/link2b","article_modified_time":"2021-07-10T01:35:11+00:00","og_image":[{"width":963,"height":567,"url":"https:\/\/link2b.com.br\/link2senderx\/wp-content\/uploads\/2021\/07\/1.png","type":"image\/png"}],"twitter_card":"summary_large_image","twitter_misc":{"Est. tempo de leitura":"5 minutos"},"schema":{"@context":"https:\/\/schema.org","@graph":[{"@type":"WebPage","@id":"https:\/\/link2b.com.br\/link2senderx\/politica-de-privacidade\/","url":"https:\/\/link2b.com.br\/link2senderx\/politica-de-privacidade\/","name":"Link2senderX - Solu\u00e7\u00f5es e Tecnologia em Marketing Digital","isPartOf":{"@id":"https:\/\/link2b.com.br\/link2senderx\/#website"},"datePublished":"2021-04-06T01:38:53+00:00","dateModified":"2021-07-10T01:35:11+00:00","description":"A Link2b \u00e9 uma empresa de Tecnologia com foco em Marketing Digital, sendo referencia em: Setup de plataformas CRM, Plataformas de Bot e Sender de WhatsApp, Sites, T\u00e9cnicas de SEO, Persona, Campanhas de Marketing em Redes Sociais, WhatsApp e Email.","breadcrumb":{"@id":"https:\/\/link2b.com.br\/link2senderx\/politica-de-privacidade\/#breadcrumb"},"inLanguage":"pt-BR","potentialAction":[{"@type":"ReadAction","target":["https:\/\/link2b.com.br\/link2senderx\/politica-de-privacidade\/"]}]},{"@type":"BreadcrumbList","@id":"https:\/\/link2b.com.br\/link2senderx\/politica-de-privacidade\/#breadcrumb","itemListElement":[{"@type":"ListItem","position":1,"name":"In\u00edcio","item":"https:\/\/link2b.com.br\/link2senderx\/"},{"@type":"ListItem","position":2,"name":"Pol\u00edtica de Privacidade"}]},{"@type":"WebSite","@id":"https:\/\/link2b.com.br\/link2senderx\/#website","url":"https:\/\/link2b.com.br\/link2senderx\/","name":"Link2senderX","description":"Link2b - Solu\u00e7\u00f5es e Tecnologias em Marketing Digital","publisher":{"@id":"https:\/\/link2b.com.br\/link2senderx\/#organization"},"potentialAction":[{"@type":"SearchAction","target":{"@type":"EntryPoint","urlTemplate":"https:\/\/link2b.com.br\/link2senderx\/?s={search_term_string}"},"query-input":{"@type":"PropertyValueSpecification","valueRequired":true,"valueName":"search_term_string"}}],"inLanguage":"pt-BR"},{"@type":"Organization","@id":"https:\/\/link2b.com.br\/link2senderx\/#organization","name":"Link2senderX","url":"https:\/\/link2b.com.br\/link2senderx\/","logo":{"@type":"ImageObject","inLanguage":"pt-BR","@id":"https:\/\/link2b.com.br\/link2senderx\/#\/schema\/logo\/image\/","url":"https:\/\/link2b.com.br\/link2senderx\/wp-content\/uploads\/2021\/07\/1.png","contentUrl":"https:\/\/link2b.com.br\/link2senderx\/wp-content\/uploads\/2021\/07\/1.png","width":963,"height":567,"caption":"Link2senderX"},"image":{"@id":"https:\/\/link2b.com.br\/link2senderx\/#\/schema\/logo\/image\/"},"sameAs":["https:\/\/www.facebook.com\/link2b","https:\/\/www.instagram.com\/link2boficial\/","https:\/\/www.linkedin.com\/company\/link2b2c\/"]}]}},"_links":{"self":[{"href":"https:\/\/link2b.com.br\/link2senderx\/wp-json\/wp\/v2\/pages\/1173","targetHints":{"allow":["GET"]}}],"collection":[{"href":"https:\/\/link2b.com.br\/link2senderx\/wp-json\/wp\/v2\/pages"}],"about":[{"href":"https:\/\/link2b.com.br\/link2senderx\/wp-json\/wp\/v2\/types\/page"}],"author":[{"embeddable":true,"href":"https:\/\/link2b.com.br\/link2senderx\/wp-json\/wp\/v2\/users\/1"}],"replies":[{"embeddable":true,"href":"https:\/\/link2b.com.br\/link2senderx\/wp-json\/wp\/v2\/comments?post=1173"}],"version-history":[{"count":1,"href":"https:\/\/link2b.com.br\/link2senderx\/wp-json\/wp\/v2\/pages\/1173\/revisions"}],"predecessor-version":[{"id":1174,"href":"https:\/\/link2b.com.br\/link2senderx\/wp-json\/wp\/v2\/pages\/1173\/revisions\/1174"}],"wp:attachment":[{"href":"https:\/\/link2b.com.br\/link2senderx\/wp-json\/wp\/v2\/media?parent=1173"}],"curies":[{"name":"wp","href":"https:\/\/api.w.org\/{rel}","templated":true}]}}